{"id":3039,"date":"2024-01-11T14:16:49","date_gmt":"2024-01-11T11:16:49","guid":{"rendered":"https:\/\/decentraladworks.com\/demolar\/tedokullari\/?page_id=3039"},"modified":"2024-04-29T12:17:12","modified_gmt":"2024-04-29T09:17:12","slug":"spor","status":"publish","type":"page","link":"https:\/\/ted.org.tr\/tedokullari\/spor\/","title":{"rendered":"Spor"},"content":{"rendered":"\t\t<div data-elementor-type=\"wp-page\" data-elementor-id=\"3039\" class=\"elementor elementor-3039\">\n\t\t\t\t\t\t<section class=\"elementor-section elementor-top-section elementor-element elementor-element-cdff44d elementor-section-boxed elementor-section-height-default elementor-section-height-default\" data-id=\"cdff44d\" data-element_type=\"section\">\n\t\t\t\t\t\t<div class=\"elementor-container elementor-column-gap-default\">\n\t\t\t\t\t<div class=\"elementor-column elementor-col-50 elementor-top-column elementor-element elementor-element-5ce2628\" data-id=\"5ce2628\" data-element_type=\"column\">\n\t\t\t<div class=\"elementor-widget-wrap elementor-element-populated\">\n\t\t\t\t\t\t<div class=\"elementor-element elementor-element-2d0f8cb elementor-widget elementor-widget-image\" data-id=\"2d0f8cb\" data-element_type=\"widget\" data-widget_type=\"image.default\">\n\t\t\t\t<div class=\"elementor-widget-container\">\n\t\t\t<style>\/*! elementor - v3.19.0 - 07-02-2024 *\/\n.elementor-widget-image{text-align:center}.elementor-widget-image a{display:inline-block}.elementor-widget-image a img[src$=\".svg\"]{width:48px}.elementor-widget-image img{vertical-align:middle;display:inline-block}<\/style>\t\t\t\t\t\t\t\t\t\t<img fetchpriority=\"high\" decoding=\"async\" width=\"766\" height=\"1024\" src=\"https:\/\/ted.org.tr\/tedokullari\/wp-content\/uploads\/2024\/01\/13-min-766x1024.jpg\" class=\"attachment-large size-large wp-image-3289\" alt=\"\" srcset=\"https:\/\/ted.org.tr\/tedokullari\/wp-content\/uploads\/2024\/01\/13-min-766x1024.jpg 766w, https:\/\/ted.org.tr\/tedokullari\/wp-content\/uploads\/2024\/01\/13-min-224x300.jpg 224w, https:\/\/ted.org.tr\/tedokullari\/wp-content\/uploads\/2024\/01\/13-min-768x1027.jpg 768w, https:\/\/ted.org.tr\/tedokullari\/wp-content\/uploads\/2024\/01\/13-min-1149x1536.jpg 1149w, https:\/\/ted.org.tr\/tedokullari\/wp-content\/uploads\/2024\/01\/13-min-1532x2048.jpg 1532w, https:\/\/ted.org.tr\/tedokullari\/wp-content\/uploads\/2024\/01\/13-min-600x802.jpg 600w, https:\/\/ted.org.tr\/tedokullari\/wp-content\/uploads\/2024\/01\/13-min-scaled.jpg 1915w\" sizes=\"(max-width: 766px) 100vw, 766px\" \/>\t\t\t\t\t\t\t\t\t\t\t\t\t<\/div>\n\t\t\t\t<\/div>\n\t\t\t\t\t<\/div>\n\t\t<\/div>\n\t\t\t\t<div class=\"elementor-column elementor-col-50 elementor-top-column elementor-element elementor-element-42d8327\" data-id=\"42d8327\" data-element_type=\"column\">\n\t\t\t<div class=\"elementor-widget-wrap elementor-element-populated\">\n\t\t\t\t\t\t<div class=\"elementor-element elementor-element-61dc38a elementor-widget elementor-widget-text-editor\" data-id=\"61dc38a\" data-element_type=\"widget\" data-widget_type=\"text-editor.default\">\n\t\t\t\t<div class=\"elementor-widget-container\">\n\t\t\t<style>\/*! elementor - v3.19.0 - 07-02-2024 *\/\n.elementor-widget-text-editor.elementor-drop-cap-view-stacked .elementor-drop-cap{background-color:#69727d;color:#fff}.elementor-widget-text-editor.elementor-drop-cap-view-framed .elementor-drop-cap{color:#69727d;border:3px solid;background-color:transparent}.elementor-widget-text-editor:not(.elementor-drop-cap-view-default) .elementor-drop-cap{margin-top:8px}.elementor-widget-text-editor:not(.elementor-drop-cap-view-default) .elementor-drop-cap-letter{width:1em;height:1em}.elementor-widget-text-editor .elementor-drop-cap{float:left;text-align:center;line-height:1;font-size:50px}.elementor-widget-text-editor .elementor-drop-cap-letter{display:inline-block}<\/style>\t\t\t\t<span style=\"font-family: 'Tahoma',sans-serif;\"><strong><a href=\"https:\/\/tr.wikipedia.org\/wiki\/R%C3%BC%C5%9Ft%C3%BC_Y%C3%BCce\">R\u00fc\u015ft\u00fc Y\u00fcce<\/a>&#8217;57<\/strong>\n<br>\nMilli basketbolcu ve Ortado\u011fu Teknik \u00dcniversitesi Mimarl\u0131k Fak\u00fcltesi eski dekan\u0131 R\u00fc\u015ft\u00fc Y\u00fcce, 11 y\u0131l s\u00fcreyle T\u00fcrkiye E\u011fitim Derne\u011fi ba\u015fkanl\u0131\u011f\u0131n\u0131 ve\u00a01992 y\u0131l\u0131ndan vefat\u0131na kadar\u00a0T\u00fcrkiye Basketbol Federasyonunun ba\u015fkan yard\u0131mc\u0131l\u0131\u011f\u0131 g\u00f6revini y\u00fcr\u00fctt\u00fc. 1962&#8217;de Orta Do\u011fu Teknik \u00dcniversitesinden y\u00fcksek m\u00fchendis derecesini ald\u0131. \u0130ki sene Danimarka ve \u0130ngiltere&#8217;de ara\u015ft\u0131rmac\u0131 m\u00fchendis olarak \u00e7al\u0131\u015fan Y\u00fcce, 70\u2019li y\u0131llarda Kaliforniya \u00dcniversitesi&#8217;ne giderek doktor, do\u00e7ent ve 1984 y\u0131l\u0131nda profes\u00f6r \u00fcnvan\u0131n\u0131 ald\u0131. 1985-1993 y\u0131llar\u0131 aras\u0131nda\u00a0ODT\u00dc Mimarl\u0131k Fak\u00fcltesinin dekanl\u0131\u011f\u0131n\u0131 y\u00fcr\u00fcten Y\u00fcce, 1954 y\u0131l\u0131nda\u00a0TED Ankara Kolejliler Spor Kul\u00fcb\u00fcnde basketbola ba\u015flad\u0131. 1968 y\u0131l\u0131na kadar TED&#8217;de oynayan Y\u00fcce, 1972 y\u0131l\u0131nda\u00a0antren\u00f6rl\u00fc\u011fe ba\u015flad\u0131. D\u00f6rt kez mill\u00ee tak\u0131mda, 3 kez de ordu mill\u00ee tak\u0131m\u0131nda yer ald\u0131.\t\t\t\t\t\t<\/div>\n\t\t\t\t<\/div>\n\t\t\t\t\t<\/div>\n\t\t<\/div>\n\t\t\t\t\t<\/div>\n\t\t<\/section>\n\t\t\t\t<section class=\"elementor-section elementor-top-section elementor-element elementor-element-8476043 elementor-section-boxed elementor-section-height-default elementor-section-height-default\" data-id=\"8476043\" data-element_type=\"section\">\n\t\t\t\t\t\t<div class=\"elementor-container elementor-column-gap-default\">\n\t\t\t\t\t<div class=\"elementor-column elementor-col-50 elementor-top-column elementor-element elementor-element-65d9e0e\" data-id=\"65d9e0e\" data-element_type=\"column\">\n\t\t\t<div class=\"elementor-widget-wrap elementor-element-populated\">\n\t\t\t\t\t\t<div class=\"elementor-element elementor-element-9a04441 elementor-widget elementor-widget-image\" data-id=\"9a04441\" data-element_type=\"widget\" data-widget_type=\"image.default\">\n\t\t\t\t<div class=\"elementor-widget-container\">\n\t\t\t\t\t\t\t\t\t\t\t\t\t<img decoding=\"async\" width=\"300\" height=\"415\" src=\"https:\/\/ted.org.tr\/tedokullari\/wp-content\/uploads\/2023\/07\/muratdidin.jpg\" class=\"attachment-large size-large wp-image-1422\" alt=\"\" srcset=\"https:\/\/ted.org.tr\/tedokullari\/wp-content\/uploads\/2023\/07\/muratdidin.jpg 300w, https:\/\/ted.org.tr\/tedokullari\/wp-content\/uploads\/2023\/07\/muratdidin-217x300.jpg 217w\" sizes=\"(max-width: 300px) 100vw, 300px\" \/>\t\t\t\t\t\t\t\t\t\t\t\t\t<\/div>\n\t\t\t\t<\/div>\n\t\t\t\t\t<\/div>\n\t\t<\/div>\n\t\t\t\t<div class=\"elementor-column elementor-col-50 elementor-top-column elementor-element elementor-element-0e2fa6d\" data-id=\"0e2fa6d\" data-element_type=\"column\">\n\t\t\t<div class=\"elementor-widget-wrap elementor-element-populated\">\n\t\t\t\t\t\t<div class=\"elementor-element elementor-element-d0e3522 elementor-widget elementor-widget-text-editor\" data-id=\"d0e3522\" data-element_type=\"widget\" data-widget_type=\"text-editor.default\">\n\t\t\t\t<div class=\"elementor-widget-container\">\n\t\t\t\t\t\t\t<span style=\"font-family: 'Tahoma',sans-serif;\"><strong><a href=\"https:\/\/tr.wikipedia.org\/wiki\/Murat_Didin\" target=\"_blank\" rel=\"noopener\">Murat Didin<\/a> &#8217;73<\/strong><br>1973 y\u0131l\u0131nda Ankara Koleji mezun y\u0131ll\u0131\u011f\u0131nda bak\u0131n neler yaz\u0131yor: \u201c\u2026Kolej gen\u00e7 ve lise basketbol tak\u0131mlar\u0131n\u0131n as elemanlar\u0131ndan olan Murat, ayn\u0131 zamanda koyu bir Kolej taraftar\u0131d\u0131r. Tak\u0131m\u0131n\u0131 T\u00fcrkiye&#8217;de s\u00f6z sahibi yapt\u0131\u011f\u0131n\u0131 ise biz de\u011fil bas\u0131n mensuplar\u0131 s\u00f6yl\u00fcyor&#8230;\u201d Murat Didin, Kolejin erkek tak\u0131m\u0131n\u0131n ko\u00e7lu\u011funu da yapt\u0131ktan sonra \u00dclker, Galatasaray, Fenerbah\u00e7e, Be\u015fikta\u015f gibi bir\u00e7ok tak\u0131m\u0131n efsane antren\u00f6r\u00fc oldu ve milli tak\u0131m\u0131 \u00e7al\u0131\u015ft\u0131rd\u0131. Aral\u0131kl\u0131 olarak \u0130talya, Almanya ve T\u00fcrkiye\u2019de ko\u00e7luk yapt\u0131. Murat Didin 2012-13 sezonunda D\u00fcsseldorf Basket\u2019i, Basketball Bundesliga\u2019ya y\u00fckseltti.<\/span><\/p>\t\t\t\t\t\t<\/div>\n\t\t\t\t<\/div>\n\t\t\t\t\t<\/div>\n\t\t<\/div>\n\t\t\t\t\t<\/div>\n\t\t<\/section>\n\t\t\t\t<section class=\"elementor-section elementor-top-section elementor-element elementor-element-c0923e9 elementor-section-boxed elementor-section-height-default elementor-section-height-default\" data-id=\"c0923e9\" data-element_type=\"section\">\n\t\t\t\t\t\t<div class=\"elementor-container elementor-column-gap-default\">\n\t\t\t\t\t<div class=\"elementor-column elementor-col-50 elementor-top-column elementor-element elementor-element-8e855c5\" data-id=\"8e855c5\" data-element_type=\"column\">\n\t\t\t<div class=\"elementor-widget-wrap elementor-element-populated\">\n\t\t\t\t\t\t<div class=\"elementor-element elementor-element-1c94a97 elementor-widget elementor-widget-image\" data-id=\"1c94a97\" data-element_type=\"widget\" data-widget_type=\"image.default\">\n\t\t\t\t<div class=\"elementor-widget-container\">\n\t\t\t\t\t\t\t\t\t\t\t\t\t<img decoding=\"async\" width=\"300\" height=\"415\" src=\"https:\/\/ted.org.tr\/tedokullari\/wp-content\/uploads\/2023\/09\/denizatescinar.jpg\" class=\"attachment-large size-large wp-image-2664\" alt=\"\" srcset=\"https:\/\/ted.org.tr\/tedokullari\/wp-content\/uploads\/2023\/09\/denizatescinar.jpg 300w, https:\/\/ted.org.tr\/tedokullari\/wp-content\/uploads\/2023\/09\/denizatescinar-217x300.jpg 217w\" sizes=\"(max-width: 300px) 100vw, 300px\" \/>\t\t\t\t\t\t\t\t\t\t\t\t\t<\/div>\n\t\t\t\t<\/div>\n\t\t\t\t\t<\/div>\n\t\t<\/div>\n\t\t\t\t<div class=\"elementor-column elementor-col-50 elementor-top-column elementor-element elementor-element-d857948\" data-id=\"d857948\" data-element_type=\"column\">\n\t\t\t<div class=\"elementor-widget-wrap elementor-element-populated\">\n\t\t\t\t\t\t<div class=\"elementor-element elementor-element-cba5c93 elementor-widget elementor-widget-text-editor\" data-id=\"cba5c93\" data-element_type=\"widget\" data-widget_type=\"text-editor.default\">\n\t\t\t\t<div class=\"elementor-widget-container\">\n\t\t\t\t\t\t\t<span style=\"font-family: 'Tahoma',sans-serif;\"><strong>Deniz- Ate\u015f \u00c7\u0131nar<\/strong>\n<br>\nMilli yelken sporcular\u0131m\u0131z Deniz \u00c7\u0131nar ve Ate\u015f \u00c7\u0131nar Karde\u015fler 2008 Pekin, 2012 Londra ve 2016 Rio Olimpiyatlar\u0131&#8217;nda m\u00fccadele etti. 470 s\u0131n\u0131f\u0131nda ulusal ve uluslararas\u0131 alanda \u015fampiyonluklar\u0131 bulunan Deniz-Ate\u015f \u00c7\u0131nar, Fenerbahce Dogus Sailing Team\u2019in de \u00fcyesidir. \u00c7\u0131nar Karde\u015fler, kendi spor kariyerlerinin yan\u0131 s\u0131ra antren\u00f6rl\u00fck yaparak yeni sporular yeti\u015ftirmeye devam ediyor.\t\t\t\t\t\t<\/div>\n\t\t\t\t<\/div>\n\t\t\t\t\t<\/div>\n\t\t<\/div>\n\t\t\t\t\t<\/div>\n\t\t<\/section>\n\t\t\t\t<section class=\"elementor-section elementor-top-section elementor-element elementor-element-2a8a3a3 elementor-section-boxed elementor-section-height-default elementor-section-height-default\" data-id=\"2a8a3a3\" data-element_type=\"section\">\n\t\t\t\t\t\t<div class=\"elementor-container elementor-column-gap-default\">\n\t\t\t\t\t<div class=\"elementor-column elementor-col-50 elementor-top-column elementor-element elementor-element-27bc9b8\" data-id=\"27bc9b8\" data-element_type=\"column\">\n\t\t\t<div class=\"elementor-widget-wrap elementor-element-populated\">\n\t\t\t\t\t\t<div class=\"elementor-element elementor-element-5822353 elementor-widget elementor-widget-image\" data-id=\"5822353\" data-element_type=\"widget\" data-widget_type=\"image.default\">\n\t\t\t\t<div class=\"elementor-widget-container\">\n\t\t\t\t\t\t\t\t\t\t\t\t\t<img loading=\"lazy\" decoding=\"async\" width=\"198\" height=\"277\" src=\"https:\/\/ted.org.tr\/tedokullari\/wp-content\/uploads\/2023\/09\/Alper-Ucar.jpg\" class=\"attachment-large size-large wp-image-2623\" alt=\"\" \/>\t\t\t\t\t\t\t\t\t\t\t\t\t<\/div>\n\t\t\t\t<\/div>\n\t\t\t\t\t<\/div>\n\t\t<\/div>\n\t\t\t\t<div class=\"elementor-column elementor-col-50 elementor-top-column elementor-element elementor-element-8edf9e7\" data-id=\"8edf9e7\" data-element_type=\"column\">\n\t\t\t<div class=\"elementor-widget-wrap elementor-element-populated\">\n\t\t\t\t\t\t<div class=\"elementor-element elementor-element-b090b96 elementor-widget elementor-widget-text-editor\" data-id=\"b090b96\" data-element_type=\"widget\" data-widget_type=\"text-editor.default\">\n\t\t\t\t<div class=\"elementor-widget-container\">\n\t\t\t\t\t\t\t<span style=\"font-family: 'Tahoma',sans-serif;\"><strong><a href=\"https:\/\/tr.wikipedia.org\/wiki\/Alper_U%C3%A7ar\" target=\"_blank\" rel=\"noopener\">Alper U\u00e7ar<\/a> &#8217;03<\/strong><br>Milli buz pateni sporcumuz Alper U\u00e7ar 1991 y\u0131l\u0131nda, 6 ya\u015f\u0131ndayken buz patenine ba\u015flad\u0131. Kariyerinin devam\u0131nda Ukrayna as\u0131ll\u0131 Alisa Agafonova ile partner olarak 2011 D\u00fcnya \u00dcniversite Oyunlar\u0131&#8217;nda g\u00fcm\u00fc\u015f madalya d\u00e2hil olmak \u00fczere sekiz uluslararas\u0131 madalya kazand\u0131. 2014 ve 2018 K\u0131\u015f Olimpiyatlar\u0131\u2019na da kat\u0131lan Alper U\u00e7ar, alt\u0131 Avrupa \u015eampiyonas\u0131 ve d\u00f6rt D\u00fcnya \u015eampiyonas\u0131nda finale \u00e7\u0131karak \u00fclkemizi temsil etti.<\/span><\/p>\t\t\t\t\t\t<\/div>\n\t\t\t\t<\/div>\n\t\t\t\t\t<\/div>\n\t\t<\/div>\n\t\t\t\t\t<\/div>\n\t\t<\/section>\n\t\t\t\t<section class=\"elementor-section elementor-top-section elementor-element elementor-element-c167758 elementor-section-boxed elementor-section-height-default elementor-section-height-default\" data-id=\"c167758\" data-element_type=\"section\">\n\t\t\t\t\t\t<div class=\"elementor-container elementor-column-gap-default\">\n\t\t\t\t\t<div class=\"elementor-column elementor-col-50 elementor-top-column elementor-element elementor-element-7a75161\" data-id=\"7a75161\" data-element_type=\"column\">\n\t\t\t<div class=\"elementor-widget-wrap elementor-element-populated\">\n\t\t\t\t\t\t<div class=\"elementor-element elementor-element-1159df3 elementor-widget elementor-widget-image\" data-id=\"1159df3\" data-element_type=\"widget\" data-widget_type=\"image.default\">\n\t\t\t\t<div class=\"elementor-widget-container\">\n\t\t\t\t\t\t\t\t\t\t\t\t\t<img loading=\"lazy\" decoding=\"async\" width=\"440\" height=\"428\" src=\"https:\/\/ted.org.tr\/tedokullari\/wp-content\/uploads\/2024\/01\/Can_Sevim.jpeg\" class=\"attachment-large size-large wp-image-3290\" alt=\"\" srcset=\"https:\/\/ted.org.tr\/tedokullari\/wp-content\/uploads\/2024\/01\/Can_Sevim.jpeg 440w, https:\/\/ted.org.tr\/tedokullari\/wp-content\/uploads\/2024\/01\/Can_Sevim-300x292.jpeg 300w, https:\/\/ted.org.tr\/tedokullari\/wp-content\/uploads\/2024\/01\/Can_Sevim-74x73.jpeg 74w\" sizes=\"(max-width: 440px) 100vw, 440px\" \/>\t\t\t\t\t\t\t\t\t\t\t\t\t<\/div>\n\t\t\t\t<\/div>\n\t\t\t\t\t<\/div>\n\t\t<\/div>\n\t\t\t\t<div class=\"elementor-column elementor-col-50 elementor-top-column elementor-element elementor-element-a7e5244\" data-id=\"a7e5244\" data-element_type=\"column\">\n\t\t\t<div class=\"elementor-widget-wrap elementor-element-populated\">\n\t\t\t\t\t\t<div class=\"elementor-element elementor-element-12a2ff6 elementor-widget elementor-widget-text-editor\" data-id=\"12a2ff6\" data-element_type=\"widget\" data-widget_type=\"text-editor.default\">\n\t\t\t\t<div class=\"elementor-widget-container\">\n\t\t\t\t\t\t\t<span style=\"font-family: 'Tahoma',sans-serif;\"><strong><a href=\"https:\/\/tr.wikipedia.org\/wiki\/Can_Sevim\">Can Sevim<\/a> &#8217;05<\/strong>\n<br>\nGazi \u00dcniversitesi\u00a0\u0130ktisadi \u0130dari Bilimler Fak\u00fcltesi \u00f6\u011frencili\u011fi y\u0131llar\u0131nda antren\u00f6rl\u00fc\u011fe ba\u015flad\u0131. Mill\u00ee tak\u0131mda yard\u0131mc\u0131 antren\u00f6rl\u00fck yapt\u0131. S\u0131ras\u0131yla;\u00a0TED Ankara Kolejliler SK,\u00a0Antalya B\u00fcy\u00fck\u015fehir Belediyespor,\u00a0Trabzonspor, kul\u00fcplerinde A Tak\u0131m Yard\u0131mc\u0131 Antren\u00f6r\u00fc olarak g\u00f6rev ald\u0131. 2016&#8217;da\u00a0TED Ankara Kolejliler SK\u00a0Ba\u015fantren\u00f6r\u00fc oldu. 2017-2018 sezonunda\u00a0Afyon Belediyespor\u00a0ile anla\u015ft\u0131. T\u00fcrkiye Basketbol Ligi&#8217;nde\u00a0Afyon Belediyespor\u00a0ile \u015fampiyonluk ya\u015fayarak kul\u00fcb\u00fc tarihinde ilk kez\u00a0Basketbol S\u00fcper Ligi&#8217;ne y\u00fckseltti.\t\t\t\t\t\t<\/div>\n\t\t\t\t<\/div>\n\t\t\t\t\t<\/div>\n\t\t<\/div>\n\t\t\t\t\t<\/div>\n\t\t<\/section>\n\t\t\t\t<\/div>\n\t\t","protected":false},"excerpt":{"rendered":"<p>R\u00fc\u015ft\u00fc Y\u00fcce&#8217;57 Milli basketbolcu ve Ortado\u011fu Teknik \u00dcniversitesi Mimarl\u0131k Fak\u00fcltesi eski dekan\u0131 R\u00fc\u015ft\u00fc Y\u00fcce, 11 y\u0131l s\u00fcreyle T\u00fcrkiye E\u011fitim Derne\u011fi ba\u015fkanl\u0131\u011f\u0131n\u0131 ve\u00a01992 y\u0131l\u0131ndan vefat\u0131na kadar\u00a0T\u00fcrkiye Basketbol Federasyonunun ba\u015fkan yard\u0131mc\u0131l\u0131\u011f\u0131 g\u00f6revini y\u00fcr\u00fctt\u00fc. 1962&#8217;de Orta Do\u011fu Teknik \u00dcniversitesinden y\u00fcksek m\u00fchendis derecesini ald\u0131. \u0130ki sene Danimarka ve \u0130ngiltere&#8217;de ara\u015ft\u0131rmac\u0131 m\u00fchendis olarak \u00e7al\u0131\u015fan Y\u00fcce, 70\u2019li y\u0131llarda Kaliforniya \u00dcniversitesi&#8217;ne giderek [&hellip;]<\/p>\n","protected":false},"author":1,"featured_media":0,"parent":0,"menu_order":0,"comment_status":"closed","ping_status":"closed","template":"","meta":{"_monsterinsights_skip_tracking":false,"_monsterinsights_sitenote_active":false,"_monsterinsights_sitenote_note":"","_monsterinsights_sitenote_category":0,"footnotes":""},"class_list":["post-3039","page","type-page","status-publish","hentry"],"aioseo_notices":[],"_links":{"self":[{"href":"https:\/\/ted.org.tr\/tedokullari\/wp-json\/wp\/v2\/pages\/3039","targetHints":{"allow":["GET"]}}],"collection":[{"href":"https:\/\/ted.org.tr\/tedokullari\/wp-json\/wp\/v2\/pages"}],"about":[{"href":"https:\/\/ted.org.tr\/tedokullari\/wp-json\/wp\/v2\/types\/page"}],"author":[{"embeddable":true,"href":"https:\/\/ted.org.tr\/tedokullari\/wp-json\/wp\/v2\/users\/1"}],"replies":[{"embeddable":true,"href":"https:\/\/ted.org.tr\/tedokullari\/wp-json\/wp\/v2\/comments?post=3039"}],"version-history":[{"count":29,"href":"https:\/\/ted.org.tr\/tedokullari\/wp-json\/wp\/v2\/pages\/3039\/revisions"}],"predecessor-version":[{"id":4818,"href":"https:\/\/ted.org.tr\/tedokullari\/wp-json\/wp\/v2\/pages\/3039\/revisions\/4818"}],"wp:attachment":[{"href":"https:\/\/ted.org.tr\/tedokullari\/wp-json\/wp\/v2\/media?parent=3039"}],"curies":[{"name":"wp","href":"https:\/\/api.w.org\/{rel}","templated":true}]}}