{"id":4936,"date":"2024-06-26T16:24:45","date_gmt":"2024-06-26T13:24:45","guid":{"rendered":"https:\/\/ted.org.tr\/tedokullari\/?page_id=4936"},"modified":"2024-08-28T09:36:44","modified_gmt":"2024-08-28T06:36:44","slug":"hizmetlerimiz","status":"publish","type":"page","link":"https:\/\/ted.org.tr\/tedokullari\/hizmetlerimiz\/","title":{"rendered":"Hizmetlerimiz"},"content":{"rendered":"\t\t<div data-elementor-type=\"wp-page\" data-elementor-id=\"4936\" class=\"elementor elementor-4936\">\n\t\t\t\t\t\t<section class=\"elementor-section elementor-top-section elementor-element elementor-element-708cc0d elementor-section-boxed elementor-section-height-default elementor-section-height-default\" data-id=\"708cc0d\" data-element_type=\"section\">\n\t\t\t\t\t\t<div class=\"elementor-container elementor-column-gap-default\">\n\t\t\t\t\t<div class=\"elementor-column elementor-col-50 elementor-top-column elementor-element elementor-element-69a12cf\" data-id=\"69a12cf\" data-element_type=\"column\">\n\t\t\t<div class=\"elementor-widget-wrap elementor-element-populated\">\n\t\t\t\t\t\t<div class=\"elementor-element elementor-element-4de982e elementor-align-justify elementor-widget__width-initial elementor-widget elementor-widget-button\" data-id=\"4de982e\" data-element_type=\"widget\" data-widget_type=\"button.default\">\n\t\t\t\t<div class=\"elementor-widget-container\">\n\t\t\t\t\t<div class=\"elementor-button-wrapper\">\n\t\t\t<a class=\"elementor-button elementor-button-link elementor-size-xs\" href=\"https:\/\/ted.org.tr\/tedokullari\/hizmetlerimiz\">\n\t\t\t\t\t\t<span class=\"elementor-button-content-wrapper\">\n\t\t\t\t\t\t<span class=\"elementor-button-icon elementor-align-icon-right\">\n\t\t\t\t<i aria-hidden=\"true\" class=\"fas fa-arrow-circle-right\"><\/i>\t\t\t<\/span>\n\t\t\t\t\t\t<span class=\"elementor-button-text\">Hizmetlerimiz<\/span>\n\t\t<\/span>\n\t\t\t\t\t<\/a>\n\t\t<\/div>\n\t\t\t\t<\/div>\n\t\t\t\t<\/div>\n\t\t\t\t<div class=\"elementor-element elementor-element-b7bc99a elementor-widget elementor-widget-spacer\" data-id=\"b7bc99a\" data-element_type=\"widget\" data-widget_type=\"spacer.default\">\n\t\t\t\t<div class=\"elementor-widget-container\">\n\t\t\t<style>\/*! elementor - v3.19.0 - 07-02-2024 *\/\n.elementor-column .elementor-spacer-inner{height:var(--spacer-size)}.e-con{--container-widget-width:100%}.e-con-inner>.elementor-widget-spacer,.e-con>.elementor-widget-spacer{width:var(--container-widget-width,var(--spacer-size));--align-self:var(--container-widget-align-self,initial);--flex-shrink:0}.e-con-inner>.elementor-widget-spacer>.elementor-widget-container,.e-con>.elementor-widget-spacer>.elementor-widget-container{height:100%;width:100%}.e-con-inner>.elementor-widget-spacer>.elementor-widget-container>.elementor-spacer,.e-con>.elementor-widget-spacer>.elementor-widget-container>.elementor-spacer{height:100%}.e-con-inner>.elementor-widget-spacer>.elementor-widget-container>.elementor-spacer>.elementor-spacer-inner,.e-con>.elementor-widget-spacer>.elementor-widget-container>.elementor-spacer>.elementor-spacer-inner{height:var(--container-widget-height,var(--spacer-size))}.e-con-inner>.elementor-widget-spacer.elementor-widget-empty,.e-con>.elementor-widget-spacer.elementor-widget-empty{position:relative;min-height:22px;min-width:22px}.e-con-inner>.elementor-widget-spacer.elementor-widget-empty .elementor-widget-empty-icon,.e-con>.elementor-widget-spacer.elementor-widget-empty .elementor-widget-empty-icon{position:absolute;top:0;bottom:0;left:0;right:0;margin:auto;padding:0;width:22px;height:22px}<\/style>\t\t<div class=\"elementor-spacer\">\n\t\t\t<div class=\"elementor-spacer-inner\"><\/div>\n\t\t<\/div>\n\t\t\t\t<\/div>\n\t\t\t\t<\/div>\n\t\t\t\t<div class=\"elementor-element elementor-element-da4500f elementor-align-justify elementor-widget__width-initial elementor-widget elementor-widget-button\" data-id=\"da4500f\" data-element_type=\"widget\" data-widget_type=\"button.default\">\n\t\t\t\t<div class=\"elementor-widget-container\">\n\t\t\t\t\t<div class=\"elementor-button-wrapper\">\n\t\t\t<a class=\"elementor-button elementor-button-link elementor-size-xs\" href=\"https:\/\/ted.org.tr\/tedokullari\/tedad-okullari\/\">\n\t\t\t\t\t\t<span class=\"elementor-button-content-wrapper\">\n\t\t\t\t\t\t<span class=\"elementor-button-icon elementor-align-icon-right\">\n\t\t\t\t<i aria-hidden=\"true\" class=\"fas fa-arrow-circle-right\"><\/i>\t\t\t<\/span>\n\t\t\t\t\t\t<span class=\"elementor-button-text\">TED AD Okullar\u0131m\u0131z<\/span>\n\t\t<\/span>\n\t\t\t\t\t<\/a>\n\t\t<\/div>\n\t\t\t\t<\/div>\n\t\t\t\t<\/div>\n\t\t\t\t<div class=\"elementor-element elementor-element-f7f2e8f elementor-widget elementor-widget-spacer\" data-id=\"f7f2e8f\" data-element_type=\"widget\" data-widget_type=\"spacer.default\">\n\t\t\t\t<div class=\"elementor-widget-container\">\n\t\t\t\t\t<div class=\"elementor-spacer\">\n\t\t\t<div class=\"elementor-spacer-inner\"><\/div>\n\t\t<\/div>\n\t\t\t\t<\/div>\n\t\t\t\t<\/div>\n\t\t\t\t<div class=\"elementor-element elementor-element-9614368 elementor-align-justify elementor-widget__width-initial elementor-widget elementor-widget-button\" data-id=\"9614368\" data-element_type=\"widget\" data-widget_type=\"button.default\">\n\t\t\t\t<div class=\"elementor-widget-container\">\n\t\t\t\t\t<div class=\"elementor-button-wrapper\">\n\t\t\t<a class=\"elementor-button elementor-button-link elementor-size-xs\" href=\"https:\/\/ted.org.tr\/tedokullari\/basvuru-portali\">\n\t\t\t\t\t\t<span class=\"elementor-button-content-wrapper\">\n\t\t\t\t\t\t<span class=\"elementor-button-icon elementor-align-icon-right\">\n\t\t\t\t<i aria-hidden=\"true\" class=\"fas fa-arrow-circle-right\"><\/i>\t\t\t<\/span>\n\t\t\t\t\t\t<span class=\"elementor-button-text\">Ba\u015fvuru Portal\u0131<\/span>\n\t\t<\/span>\n\t\t\t\t\t<\/a>\n\t\t<\/div>\n\t\t\t\t<\/div>\n\t\t\t\t<\/div>\n\t\t\t\t<div class=\"elementor-element elementor-element-16a859e elementor-widget elementor-widget-spacer\" data-id=\"16a859e\" data-element_type=\"widget\" data-widget_type=\"spacer.default\">\n\t\t\t\t<div class=\"elementor-widget-container\">\n\t\t\t\t\t<div class=\"elementor-spacer\">\n\t\t\t<div class=\"elementor-spacer-inner\"><\/div>\n\t\t<\/div>\n\t\t\t\t<\/div>\n\t\t\t\t<\/div>\n\t\t\t\t<div class=\"elementor-element elementor-element-c67f6d8 elementor-align-justify elementor-widget__width-initial elementor-widget elementor-widget-button\" data-id=\"c67f6d8\" data-element_type=\"widget\" data-widget_type=\"button.default\">\n\t\t\t\t<div class=\"elementor-widget-container\">\n\t\t\t\t\t<div class=\"elementor-button-wrapper\">\n\t\t\t<a class=\"elementor-button elementor-size-xs\" role=\"button\">\n\t\t\t\t\t\t<span class=\"elementor-button-content-wrapper\">\n\t\t\t\t\t\t<span class=\"elementor-button-icon elementor-align-icon-right\">\n\t\t\t\t<i aria-hidden=\"true\" class=\"fas fa-arrow-circle-right\"><\/i>\t\t\t<\/span>\n\t\t\t\t\t\t<span class=\"elementor-button-text\">TED AD Okulu Giri\u015f Portal\u0131<\/span>\n\t\t<\/span>\n\t\t\t\t\t<\/a>\n\t\t<\/div>\n\t\t\t\t<\/div>\n\t\t\t\t<\/div>\n\t\t\t\t<div class=\"elementor-element elementor-element-3c4285e elementor-widget elementor-widget-spacer\" data-id=\"3c4285e\" data-element_type=\"widget\" data-widget_type=\"spacer.default\">\n\t\t\t\t<div class=\"elementor-widget-container\">\n\t\t\t\t\t<div class=\"elementor-spacer\">\n\t\t\t<div class=\"elementor-spacer-inner\"><\/div>\n\t\t<\/div>\n\t\t\t\t<\/div>\n\t\t\t\t<\/div>\n\t\t\t\t<div class=\"elementor-element elementor-element-51bf143 elementor-align-justify elementor-widget__width-initial elementor-widget elementor-widget-button\" data-id=\"51bf143\" data-element_type=\"widget\" data-widget_type=\"button.default\">\n\t\t\t\t<div class=\"elementor-widget-container\">\n\t\t\t\t\t<div class=\"elementor-button-wrapper\">\n\t\t\t<a class=\"elementor-button elementor-size-xs\" role=\"button\">\n\t\t\t\t\t\t<span class=\"elementor-button-content-wrapper\">\n\t\t\t\t\t\t<span class=\"elementor-button-icon elementor-align-icon-right\">\n\t\t\t\t<i aria-hidden=\"true\" class=\"fas fa-arrow-circle-right\"><\/i>\t\t\t<\/span>\n\t\t\t\t\t\t<span class=\"elementor-button-text\">S\u0131k\u00e7a Sorulan Sorular<\/span>\n\t\t<\/span>\n\t\t\t\t\t<\/a>\n\t\t<\/div>\n\t\t\t\t<\/div>\n\t\t\t\t<\/div>\n\t\t\t\t<div class=\"elementor-element elementor-element-232e62d elementor-widget elementor-widget-spacer\" data-id=\"232e62d\" data-element_type=\"widget\" data-widget_type=\"spacer.default\">\n\t\t\t\t<div class=\"elementor-widget-container\">\n\t\t\t\t\t<div class=\"elementor-spacer\">\n\t\t\t<div class=\"elementor-spacer-inner\"><\/div>\n\t\t<\/div>\n\t\t\t\t<\/div>\n\t\t\t\t<\/div>\n\t\t\t\t<div class=\"elementor-element elementor-element-8435edf elementor-widget elementor-widget-prysm2_section_heading\" data-id=\"8435edf\" data-element_type=\"widget\" data-widget_type=\"prysm2_section_heading.default\">\n\t\t\t\t<div class=\"elementor-widget-container\">\n\t\t\t        <div class=\"pr2-title-area pr2-headline text-center wow fadeInDown\">\r\n            <div class=\"title-top\">\r\n                <span class=\"pr2-subtitle\"><\/span>\r\n                <h2> <\/h2>\r\n            <\/div>\r\n            <div class=\"pr2-pera-txt\">\r\n                <p>Sosyal Medya Hesaplar\u0131m\u0131z<\/p>\r\n            <\/div>\r\n        <\/div>\r\n      \t\t<\/div>\n\t\t\t\t<\/div>\n\t\t\t\t<section class=\"elementor-section elementor-inner-section elementor-element elementor-element-ef24f69 elementor-section-boxed elementor-section-height-default elementor-section-height-default\" data-id=\"ef24f69\" data-element_type=\"section\">\n\t\t\t\t\t\t<div class=\"elementor-container elementor-column-gap-default\">\n\t\t\t\t\t<div class=\"elementor-column elementor-col-33 elementor-inner-column elementor-element elementor-element-920c7bb\" data-id=\"920c7bb\" data-element_type=\"column\">\n\t\t\t<div class=\"elementor-widget-wrap elementor-element-populated\">\n\t\t\t\t\t\t<div class=\"elementor-element elementor-element-eefacce elementor-view-default elementor-widget elementor-widget-icon\" data-id=\"eefacce\" data-element_type=\"widget\" data-widget_type=\"icon.default\">\n\t\t\t\t<div class=\"elementor-widget-container\">\n\t\t\t\t\t<div class=\"elementor-icon-wrapper\">\n\t\t\t<a class=\"elementor-icon\" href=\"https:\/\/www.instagram.com\/ted_ad_\/\">\n\t\t\t<i aria-hidden=\"true\" class=\"fab fa-instagram\"><\/i>\t\t\t<\/a>\n\t\t<\/div>\n\t\t\t\t<\/div>\n\t\t\t\t<\/div>\n\t\t\t\t\t<\/div>\n\t\t<\/div>\n\t\t\t\t<div class=\"elementor-column elementor-col-33 elementor-inner-column elementor-element elementor-element-1ddee1b\" data-id=\"1ddee1b\" data-element_type=\"column\">\n\t\t\t<div class=\"elementor-widget-wrap elementor-element-populated\">\n\t\t\t\t\t\t<div class=\"elementor-element elementor-element-bf79703 elementor-view-default elementor-widget elementor-widget-icon\" data-id=\"bf79703\" data-element_type=\"widget\" data-widget_type=\"icon.default\">\n\t\t\t\t<div class=\"elementor-widget-container\">\n\t\t\t\t\t<div class=\"elementor-icon-wrapper\">\n\t\t\t<div class=\"elementor-icon\">\n\t\t\t<svg xmlns=\"http:\/\/www.w3.org\/2000\/svg\" fill=\"none\" height=\"2260\" width=\"2500\" viewBox=\"0.254 0.25 500 451.95400000000006\"><path d=\"M394.033.25h76.67L303.202 191.693l197.052 260.511h-154.29L225.118 294.205 86.844 452.204H10.127l179.16-204.77L.254.25H158.46l109.234 144.417zm-26.908 406.063h42.483L135.377 43.73h-45.59z\" fill=\"#000\"><\/path><\/svg>\t\t\t<\/div>\n\t\t<\/div>\n\t\t\t\t<\/div>\n\t\t\t\t<\/div>\n\t\t\t\t\t<\/div>\n\t\t<\/div>\n\t\t\t\t<div class=\"elementor-column elementor-col-33 elementor-inner-column elementor-element elementor-element-b9d27ad\" data-id=\"b9d27ad\" data-element_type=\"column\">\n\t\t\t<div class=\"elementor-widget-wrap elementor-element-populated\">\n\t\t\t\t\t\t<div class=\"elementor-element elementor-element-a1df47e elementor-view-default elementor-widget elementor-widget-icon\" data-id=\"a1df47e\" data-element_type=\"widget\" data-widget_type=\"icon.default\">\n\t\t\t\t<div class=\"elementor-widget-container\">\n\t\t\t\t\t<div class=\"elementor-icon-wrapper\">\n\t\t\t<a class=\"elementor-icon\" href=\"https:\/\/www.linkedin.com\/showcase\/t\u00fcrk-e\u011fitim-derne\u011fi-akreditasyon-ve-dan\u0131\u015fmanl\u0131k\/\">\n\t\t\t<i aria-hidden=\"true\" class=\"fab fa-linkedin-in\"><\/i>\t\t\t<\/a>\n\t\t<\/div>\n\t\t\t\t<\/div>\n\t\t\t\t<\/div>\n\t\t\t\t\t<\/div>\n\t\t<\/div>\n\t\t\t\t\t<\/div>\n\t\t<\/section>\n\t\t\t\t\t<\/div>\n\t\t<\/div>\n\t\t\t\t<div class=\"elementor-column elementor-col-50 elementor-top-column elementor-element elementor-element-7f8b5b9\" data-id=\"7f8b5b9\" data-element_type=\"column\">\n\t\t\t<div class=\"elementor-widget-wrap elementor-element-populated\">\n\t\t\t\t\t\t<div class=\"elementor-element elementor-element-f32f46d elementor-widget elementor-widget-prysm2_section_heading\" data-id=\"f32f46d\" data-element_type=\"widget\" data-widget_type=\"prysm2_section_heading.default\">\n\t\t\t\t<div class=\"elementor-widget-container\">\n\t\t\t        <div class=\"pr2-title-area pr2-headline text-left wow fadeInDown\">\r\n            <div class=\"title-top\">\r\n                <span class=\"pr2-subtitle\"><\/span>\r\n                <h2> <\/h2>\r\n            <\/div>\r\n            <div class=\"pr2-pera-txt\">\r\n                <p><b>TED Akreditasyonu<\/b><br>\n<br>\nAkreditasyon S\u00fcreci ile farkl\u0131 bir isimle faaliyet g\u00f6steren \u00f6zel bir okul, gerekli \u015fartlar\u0131 ta\u015f\u0131mas\u0131 ve ge\u00e7i\u015f d\u00f6nemini ba\u015far\u0131yla tamamlamas\u0131 halinde TED Okuluna d\u00f6n\u00fc\u015fmesini sa\u011flanmaktad\u0131r. Bir okulun Akreditasyon S\u00fcrecine kabul edilebilmesi i\u00e7in okulun e\u011fitsel, fiziksel, mali ve y\u00f6netsel yetkinliklerinin TED Okulu olmaya elveri\u015fli oldu\u011funun saptanmas\u0131 gereklidir. Akreditasyon s\u00fcrecine kabul edilen okullar, en az iki, en \u00e7ok \u00fc\u00e7 y\u0131l s\u00fcrebilecek Ge\u00e7i\u015f D\u00f6nemini ba\u015far\u0131yla tamamlad\u0131klar\u0131 takdirde TED Okulu ad\u0131n\u0131 al\u0131rlar.\nT\u00fcrkiye genelinde ve Kuzey K\u0131br\u0131s T\u00fcrk Cumhuriyeti\u2019nde faaliyet g\u00f6steren mevcut TED Okullar\u0131n\u0131n etki alan\u0131 i\u00e7erisine giren okullar, Akreditasyon S\u00fcrecine kabul edilmemektedir.<\/p>\r\n            <\/div>\r\n        <\/div>\r\n      \t\t<\/div>\n\t\t\t\t<\/div>\n\t\t\t\t<div class=\"elementor-element elementor-element-1959051 elementor-widget elementor-widget-prysm2_button\" data-id=\"1959051\" data-element_type=\"widget\" data-widget_type=\"prysm2_button.default\">\n\t\t\t\t<div class=\"elementor-widget-container\">\n\t\t\t       <div class=\"pr2-primary-btn\">\r\n            <a href=\"https:\/\/ted.org.tr\/tedokullari\/wp-content\/uploads\/2024\/05\/TurkEgitimDernegiAkreditasyonuKilavuzu2.pdf\" >TED Akreditasyonu K\u0131lavuzu<\/a>\r\n        <\/div>\r\n      \t\t<\/div>\n\t\t\t\t<\/div>\n\t\t\t\t<div class=\"elementor-element elementor-element-05d2e5f elementor-widget elementor-widget-prysm2_section_heading\" data-id=\"05d2e5f\" data-element_type=\"widget\" data-widget_type=\"prysm2_section_heading.default\">\n\t\t\t\t<div class=\"elementor-widget-container\">\n\t\t\t        <div class=\"pr2-title-area pr2-headline text-left wow fadeInDown\">\r\n            <div class=\"title-top\">\r\n                <span class=\"pr2-subtitle\"><\/span>\r\n                <h2> <\/h2>\r\n            <\/div>\r\n            <div class=\"pr2-pera-txt\">\r\n                <p><b>Okullar i\u00e7in Kurumsal E\u011fitim Dan\u0131\u015fmanl\u0131\u011f\u0131 <\/b><br>\n<br>\nMevcut \u00f6zel okullar, e\u011fitim s\u00fcre\u00e7lerinin kalitesini art\u0131rmak amac\u0131yla, kurumsal e\u011fitim dan\u0131\u015fmanl\u0131\u011f\u0131na ba\u015fvurabilirler. Bu dan\u0131\u015fmanl\u0131k hizmeti kapsam\u0131nda okullara insan kaynaklar\u0131 s\u00fcre\u00e7leri, m\u00fcfredat geli\u015ftirme ve yabanc\u0131 dil e\u011fitimi alanlar\u0131nda b\u00fct\u00fcnle\u015fik bir dan\u0131\u015fmanl\u0131k i\u00e7eri\u011fi sunulmaktad\u0131r. Kurumsal E\u011fitim Dan\u0131\u015fmanl\u0131\u011f\u0131 en az iki e\u011fitim-\u00f6\u011fretim y\u0131l\u0131 s\u00fcren ve y\u0131ll\u0131k olarak yenilenebilen bir uygulamad\u0131r. <br>\n<br>\nT\u00fcrkiye genelinde ve Kuzey K\u0131br\u0131s T\u00fcrk Cumhuriyeti\u2019nde faaliyet g\u00f6steren mevcut TED Okullar\u0131n\u0131n etki alan\u0131 i\u00e7erisine giren okullar, Kurumsal E\u011fitim Dan\u0131\u015fmanl\u0131\u011f\u0131 S\u00fcreci\u2019ne kabul edilmemektedir. <\/p>\r\n            <\/div>\r\n        <\/div>\r\n      \t\t<\/div>\n\t\t\t\t<\/div>\n\t\t\t\t<div class=\"elementor-element elementor-element-5d25807 elementor-widget elementor-widget-prysm2_button\" data-id=\"5d25807\" data-element_type=\"widget\" data-widget_type=\"prysm2_button.default\">\n\t\t\t\t<div class=\"elementor-widget-container\">\n\t\t\t       <div class=\"pr2-primary-btn\">\r\n            <a href=\"https:\/\/ted.org.tr\/tedokullari\/wp-content\/uploads\/2024\/05\/KurumsalEgitimDanismanligiKilavuzu-.pdf\" >Kurumsal E\u011fitim Dan\u0131\u015fmanl\u0131\u011f\u0131 K\u0131lavuzu<\/a>\r\n        <\/div>\r\n      \t\t<\/div>\n\t\t\t\t<\/div>\n\t\t\t\t<div class=\"elementor-element elementor-element-87bf54e elementor-widget elementor-widget-prysm2_section_heading\" data-id=\"87bf54e\" data-element_type=\"widget\" data-widget_type=\"prysm2_section_heading.default\">\n\t\t\t\t<div class=\"elementor-widget-container\">\n\t\t\t        <div class=\"pr2-title-area pr2-headline text-left wow fadeInDown\">\r\n            <div class=\"title-top\">\r\n                <span class=\"pr2-subtitle\"><\/span>\r\n                <h2> <\/h2>\r\n            <\/div>\r\n            <div class=\"pr2-pera-txt\">\r\n                <p><b>Okul \u00d6ncesi Kurumsal E\u011fitim Dan\u0131\u015fmanl\u0131\u011f\u0131 \n<\/b><br>\n<br>\n\u00dclkemiz genelindeki okul \u00f6ncesi e\u011fitim kurumlar\u0131n\u0131n TED Okul \u00d6ncesi E\u011fitim Program\u0131n\u0131 uygulayarak daha nitelikli hale gelebilmelerine katk\u0131 sa\u011flamak ama\u00e7lanmaktad\u0131r. Mevcut durumda faaliyet g\u00f6steren ba\u011f\u0131ms\u0131z okul \u00f6ncesi e\u011fitim kurumlar\u0131n\u0131n yan\u0131 s\u0131ra hen\u00fcz yat\u0131r\u0131m a\u015famas\u0131nda olan ki\u015fi ve kurulu\u015flar da bu dan\u0131\u015fmanl\u0131k hizmetinden faydalanabilmektedir.<\/p>\r\n            <\/div>\r\n        <\/div>\r\n      \t\t<\/div>\n\t\t\t\t<\/div>\n\t\t\t\t<div class=\"elementor-element elementor-element-b8d785f elementor-widget elementor-widget-prysm2_button\" data-id=\"b8d785f\" data-element_type=\"widget\" data-widget_type=\"prysm2_button.default\">\n\t\t\t\t<div class=\"elementor-widget-container\">\n\t\t\t       <div class=\"pr2-primary-btn\">\r\n            <a href=\"https:\/\/ted.org.tr\/tedokullari\/wp-content\/uploads\/2024\/05\/Okul_Oncesi_Egitim_Danismanligi.pdf\" >Okul \u00d6ncesi Kurumsal E\u011fitim Dan\u0131\u015fmanl\u0131\u011f\u0131 K\u0131lavuzu<\/a>\r\n        <\/div>\r\n      \t\t<\/div>\n\t\t\t\t<\/div>\n\t\t\t\t<div class=\"elementor-element elementor-element-7e960b4 elementor-widget elementor-widget-prysm2_section_heading\" data-id=\"7e960b4\" data-element_type=\"widget\" data-widget_type=\"prysm2_section_heading.default\">\n\t\t\t\t<div class=\"elementor-widget-container\">\n\t\t\t        <div class=\"pr2-title-area pr2-headline text-left wow fadeInDown\">\r\n            <div class=\"title-top\">\r\n                <span class=\"pr2-subtitle\"><\/span>\r\n                <h2> <\/h2>\r\n            <\/div>\r\n            <div class=\"pr2-pera-txt\">\r\n                <p><b>\u00d6zel Okullar i\u00e7in \u0130ngilizce Dil E\u011fitimi Dan\u0131\u015fmanl\u0131\u011f\u0131\n<\/b><br>\n<br>\nTED, \u00f6zel okullardaki \u0130ngilizce e\u011fitimi kalitesinin art\u0131r\u0131lmas\u0131 ihtiyac\u0131na yan\u0131t verebilmek i\u00e7in \u0130ngilizce Dil E\u011fitimi Dan\u0131\u015fmanl\u0131\u011f\u0131 \u00f6nermektedir. Bu kapsamda \u00fclkemiz genelindeki \u00f6zel e\u011fitim kurumlar\u0131n\u0131n TED\u2019in \u00f6zg\u00fcn yabanc\u0131 dil m\u00fcfredat\u0131 ve kurumsal bilgi birikimi sayesinde daha nitelikli hale gelebilmesine katk\u0131 sa\u011flamas\u0131 ama\u00e7lanmaktad\u0131r. Mevcut TED Okullar\u0131n\u0131n etki alan\u0131nda olmayan ve ba\u015fvuru uygunlu\u011fu onaylanan \u00f6zel okullar, iki e\u011fitim-\u00f6\u011fretim y\u0131l\u0131 boyunca TED\u2019in yabanc\u0131 diller konusundaki uzmanlar\u0131n\u0131n bilgi birikiminden yararlanabilmektedir.<\/p>\r\n            <\/div>\r\n        <\/div>\r\n      \t\t<\/div>\n\t\t\t\t<\/div>\n\t\t\t\t<div class=\"elementor-element elementor-element-c121f0a elementor-widget elementor-widget-prysm2_button\" data-id=\"c121f0a\" data-element_type=\"widget\" data-widget_type=\"prysm2_button.default\">\n\t\t\t\t<div class=\"elementor-widget-container\">\n\t\t\t       <div class=\"pr2-primary-btn\">\r\n            <a href=\"https:\/\/ted.org.tr\/tedokullari\/wp-content\/uploads\/2024\/05\/YabanciDil_Egitim_Danismanligi.pdf\" >\u00d6zel Okullar i\u00e7in \u0130ngilizce Dil E\u011fitimi Dan\u0131\u015fmanl\u0131\u011f\u0131 K\u0131lavuzu<\/a>\r\n        <\/div>\r\n      \t\t<\/div>\n\t\t\t\t<\/div>\n\t\t\t\t<div class=\"elementor-element elementor-element-5f38f56 elementor-widget elementor-widget-prysm2_section_heading\" data-id=\"5f38f56\" data-element_type=\"widget\" data-widget_type=\"prysm2_section_heading.default\">\n\t\t\t\t<div class=\"elementor-widget-container\">\n\t\t\t        <div class=\"pr2-title-area pr2-headline text-left wow fadeInDown\">\r\n            <div class=\"title-top\">\r\n                <span class=\"pr2-subtitle\"><\/span>\r\n                <h2> <\/h2>\r\n            <\/div>\r\n            <div class=\"pr2-pera-txt\">\r\n                <p><b>Okul A\u00e7ma S\u00fcreci Dan\u0131\u015fmanl\u0131\u011f\u0131\n<\/b><br>\n<br>\n\u00d6zel okul a\u00e7mak isteyen yat\u0131r\u0131mc\u0131lara, okul a\u00e7ma s\u00fcrecinin a\u015famalar\u0131 ile ilgili olarak TED\u2019in kurumsal bilgi birikiminden faydalanma imk\u00e2n\u0131 sunulmaktad\u0131r. Bu dan\u0131\u015fmanl\u0131k hizmeti kapsam\u0131nda, fiziksel yap\u0131 inceleme, mimari yap\u0131 planlamas\u0131 ve okul a\u00e7ma s\u00fcreci konular\u0131nda rehberlik verilmektedir. Okul A\u00e7ma S\u00fcreci Dan\u0131\u015fmanl\u0131\u011f\u0131 ideal olarak, yat\u0131r\u0131m plan\u0131 yap\u0131lm\u0131\u015f ancak in\u015faat s\u00fcreci hen\u00fcz ba\u015flamam\u0131\u015f okullar i\u00e7in talep edilmelidir. <\/p>\r\n            <\/div>\r\n        <\/div>\r\n      \t\t<\/div>\n\t\t\t\t<\/div>\n\t\t\t\t<div class=\"elementor-element elementor-element-eb531c9 elementor-widget elementor-widget-prysm2_button\" data-id=\"eb531c9\" data-element_type=\"widget\" data-widget_type=\"prysm2_button.default\">\n\t\t\t\t<div class=\"elementor-widget-container\">\n\t\t\t       <div class=\"pr2-primary-btn\">\r\n            <a href=\"https:\/\/ted.org.tr\/tedokullari\/wp-content\/uploads\/2023\/07\/Okul_Acma_Sureci_Danismanligi.pdf\" >Okul A\u00e7ma S\u00fcreci Dan\u0131\u015fmanl\u0131\u011f\u0131 K\u0131lavuzu<\/a>\r\n        <\/div>\r\n      \t\t<\/div>\n\t\t\t\t<\/div>\n\t\t\t\t<div class=\"elementor-element elementor-element-bbfa96a elementor-view-default elementor-position-top elementor-mobile-position-top elementor-widget elementor-widget-icon-box\" data-id=\"bbfa96a\" data-element_type=\"widget\" data-widget_type=\"icon-box.default\">\n\t\t\t\t<div class=\"elementor-widget-container\">\n\t\t\t<link rel=\"stylesheet\" href=\"https:\/\/ted.org.tr\/tedokullari\/wp-content\/plugins\/elementor\/assets\/css\/widget-icon-box.min.css\">\t\t<div class=\"elementor-icon-box-wrapper\">\n\t\t\t\t\t\t<div class=\"elementor-icon-box-icon\">\n\t\t\t\t<span  class=\"elementor-icon elementor-animation-\">\n\t\t\t\t<i aria-hidden=\"true\" class=\"flaticonv9 flaticonv9-email\"><\/i>\t\t\t\t<\/span>\n\t\t\t<\/div>\n\t\t\t\t\t\t<div class=\"elementor-icon-box-content\">\n\t\t\t\t<h3 class=\"elementor-icon-box-title\">\n\t\t\t\t\t<span  >\n\t\t\t\t\t\tBilgi i\u00e7in;\t\t\t\t\t<\/span>\n\t\t\t\t<\/h3>\n\t\t\t\t\t\t\t\t\t<p class=\"elementor-icon-box-description\">\n\t\t\t\t\t\ttedad@ted.org.tr\t\t\t\t\t<\/p>\n\t\t\t\t\t\t\t<\/div>\n\t\t<\/div>\n\t\t\t\t<\/div>\n\t\t\t\t<\/div>\n\t\t\t\t<div class=\"elementor-element elementor-element-db56372 elementor-widget elementor-widget-spacer\" data-id=\"db56372\" data-element_type=\"widget\" data-widget_type=\"spacer.default\">\n\t\t\t\t<div class=\"elementor-widget-container\">\n\t\t\t\t\t<div class=\"elementor-spacer\">\n\t\t\t<div class=\"elementor-spacer-inner\"><\/div>\n\t\t<\/div>\n\t\t\t\t<\/div>\n\t\t\t\t<\/div>\n\t\t\t\t\t<\/div>\n\t\t<\/div>\n\t\t\t\t\t<\/div>\n\t\t<\/section>\n\t\t\t\t<\/div>\n\t\t","protected":false},"excerpt":{"rendered":"<p>Hizmetlerimiz TED AD Okullar\u0131m\u0131z Ba\u015fvuru Portal\u0131 TED AD Okulu Giri\u015f Portal\u0131 S\u0131k\u00e7a Sorulan Sorular Sosyal Medya Hesaplar\u0131m\u0131z TED Akreditasyonu Akreditasyon S\u00fcreci ile farkl\u0131 bir isimle faaliyet g\u00f6steren \u00f6zel bir okul, gerekli \u015fartlar\u0131 ta\u015f\u0131mas\u0131 ve ge\u00e7i\u015f d\u00f6nemini ba\u015far\u0131yla tamamlamas\u0131 halinde TED Okuluna d\u00f6n\u00fc\u015fmesini sa\u011flanmaktad\u0131r. Bir okulun Akreditasyon S\u00fcrecine kabul edilebilmesi i\u00e7in okulun e\u011fitsel, fiziksel, mali ve [&hellip;]<\/p>\n","protected":false},"author":1,"featured_media":0,"parent":0,"menu_order":0,"comment_status":"closed","ping_status":"closed","template":"","meta":{"_monsterinsights_skip_tracking":false,"_monsterinsights_sitenote_active":false,"_monsterinsights_sitenote_note":"","_monsterinsights_sitenote_category":0,"footnotes":""},"class_list":["post-4936","page","type-page","status-publish","hentry"],"aioseo_notices":[],"_links":{"self":[{"href":"https:\/\/ted.org.tr\/tedokullari\/wp-json\/wp\/v2\/pages\/4936","targetHints":{"allow":["GET"]}}],"collection":[{"href":"https:\/\/ted.org.tr\/tedokullari\/wp-json\/wp\/v2\/pages"}],"about":[{"href":"https:\/\/ted.org.tr\/tedokullari\/wp-json\/wp\/v2\/types\/page"}],"author":[{"embeddable":true,"href":"https:\/\/ted.org.tr\/tedokullari\/wp-json\/wp\/v2\/users\/1"}],"replies":[{"embeddable":true,"href":"https:\/\/ted.org.tr\/tedokullari\/wp-json\/wp\/v2\/comments?post=4936"}],"version-history":[{"count":19,"href":"https:\/\/ted.org.tr\/tedokullari\/wp-json\/wp\/v2\/pages\/4936\/revisions"}],"predecessor-version":[{"id":5018,"href":"https:\/\/ted.org.tr\/tedokullari\/wp-json\/wp\/v2\/pages\/4936\/revisions\/5018"}],"wp:attachment":[{"href":"https:\/\/ted.org.tr\/tedokullari\/wp-json\/wp\/v2\/media?parent=4936"}],"curies":[{"name":"wp","href":"https:\/\/api.w.org\/{rel}","templated":true}]}}